{"id":39067,"date":"2021-06-28T09:31:16","date_gmt":"2021-06-28T07:31:16","guid":{"rendered":"https:\/\/franchisingbelgium.be\/la-franchise-en-belgique\/"},"modified":"2023-05-25T15:10:12","modified_gmt":"2023-05-25T13:10:12","slug":"franchising-in-belgie","status":"publish","type":"page","link":"https:\/\/franchisingbelgium.be\/nl\/franchising-in-belgie\/","title":{"rendered":"Franchising in Belgi\u00eb"},"content":{"rendered":"","protected":false},"excerpt":{"rendered":"","protected":false},"author":5,"featured_media":0,"parent":0,"menu_order":0,"comment_status":"closed","ping_status":"closed","template":"template-la-franchise.blade.php","meta":{"_acf_changed":false,"inline_featured_image":false,"footnotes":""},"class_list":["post-39067","page","type-page","status-publish","hentry"],"acf":[],"yoast_head":"<!-- This site is optimized with the Yoast SEO plugin v27.1.1 - https:\/\/yoast.com\/product\/yoast-seo-wordpress\/ -->\n<title>Wat is Franchising in Belgi\u00eb ? Vind de informatie op Franchising Belgium<\/title>\n<meta name=\"description\" content=\"Franchising in Belgi\u00eb blijft groeien. Goed ge\u00efnformeerd zijn is essentieel voor toekomstige franchisegevers en franchisenemers.\" \/>\n<meta name=\"robots\" content=\"index, follow, max-snippet:-1, max-image-preview:large, max-video-preview:-1\" \/>\n<link rel=\"canonical\" href=\"https:\/\/franchisingbelgium.be\/nl\/franchising-in-belgie\/\" \/>\n<meta property=\"og:locale\" content=\"nl_NL\" \/>\n<meta property=\"og:type\" content=\"article\" \/>\n<meta property=\"og:title\" content=\"Wat is Franchising in Belgi\u00eb ? Vind de informatie op Franchising Belgium\" \/>\n<meta property=\"og:description\" content=\"Franchising in Belgi\u00eb blijft groeien. Goed ge\u00efnformeerd zijn is essentieel voor toekomstige franchisegevers en franchisenemers.\" \/>\n<meta property=\"og:url\" content=\"https:\/\/franchisingbelgium.be\/nl\/franchising-in-belgie\/\" \/>\n<meta property=\"og:site_name\" content=\"Franchising Belgium\" \/>\n<meta property=\"article:modified_time\" content=\"2023-05-25T13:10:12+00:00\" \/>\n<meta name=\"twitter:card\" content=\"summary_large_image\" \/>\n<script type=\"application\/ld+json\" class=\"yoast-schema-graph\">{\"@context\":\"https:\/\/schema.org\",\"@graph\":[{\"@type\":\"WebPage\",\"@id\":\"https:\/\/franchisingbelgium.be\/nl\/franchising-in-belgie\/\",\"url\":\"https:\/\/franchisingbelgium.be\/nl\/franchising-in-belgie\/\",\"name\":\"Wat is Franchising in Belgi\u00eb ? Vind de informatie op Franchising Belgium\",\"isPartOf\":{\"@id\":\"https:\/\/franchisingbelgium.be\/nl\/#website\"},\"datePublished\":\"2021-06-28T07:31:16+00:00\",\"dateModified\":\"2023-05-25T13:10:12+00:00\",\"description\":\"Franchising in Belgi\u00eb blijft groeien. Goed ge\u00efnformeerd zijn is essentieel voor toekomstige franchisegevers en franchisenemers.\",\"inLanguage\":\"nl-NL\",\"potentialAction\":[{\"@type\":\"ReadAction\",\"target\":[\"https:\/\/franchisingbelgium.be\/nl\/franchising-in-belgie\/\"]}]},{\"@type\":\"WebSite\",\"@id\":\"https:\/\/franchisingbelgium.be\/nl\/#website\",\"url\":\"https:\/\/franchisingbelgium.be\/nl\/\",\"name\":\"Franchising Belgium\",\"description\":\"Le site o\u00f9 franchises et franchiseurs se rencontrent\",\"potentialAction\":[{\"@type\":\"SearchAction\",\"target\":{\"@type\":\"EntryPoint\",\"urlTemplate\":\"https:\/\/franchisingbelgium.be\/nl\/?s={search_term_string}\"},\"query-input\":{\"@type\":\"PropertyValueSpecification\",\"valueRequired\":true,\"valueName\":\"search_term_string\"}}],\"inLanguage\":\"nl-NL\"}]}<\/script>\n<!-- \/ Yoast SEO plugin. -->","yoast_head_json":{"title":"Wat is Franchising in Belgi\u00eb ? Vind de informatie op Franchising Belgium","description":"Franchising in Belgi\u00eb blijft groeien. Goed ge\u00efnformeerd zijn is essentieel voor toekomstige franchisegevers en franchisenemers.","robots":{"index":"index","follow":"follow","max-snippet":"max-snippet:-1","max-image-preview":"max-image-preview:large","max-video-preview":"max-video-preview:-1"},"canonical":"https:\/\/franchisingbelgium.be\/nl\/franchising-in-belgie\/","og_locale":"nl_NL","og_type":"article","og_title":"Wat is Franchising in Belgi\u00eb ? Vind de informatie op Franchising Belgium","og_description":"Franchising in Belgi\u00eb blijft groeien. Goed ge\u00efnformeerd zijn is essentieel voor toekomstige franchisegevers en franchisenemers.","og_url":"https:\/\/franchisingbelgium.be\/nl\/franchising-in-belgie\/","og_site_name":"Franchising Belgium","article_modified_time":"2023-05-25T13:10:12+00:00","twitter_card":"summary_large_image","schema":{"@context":"https:\/\/schema.org","@graph":[{"@type":"WebPage","@id":"https:\/\/franchisingbelgium.be\/nl\/franchising-in-belgie\/","url":"https:\/\/franchisingbelgium.be\/nl\/franchising-in-belgie\/","name":"Wat is Franchising in Belgi\u00eb ? Vind de informatie op Franchising Belgium","isPartOf":{"@id":"https:\/\/franchisingbelgium.be\/nl\/#website"},"datePublished":"2021-06-28T07:31:16+00:00","dateModified":"2023-05-25T13:10:12+00:00","description":"Franchising in Belgi\u00eb blijft groeien. Goed ge\u00efnformeerd zijn is essentieel voor toekomstige franchisegevers en franchisenemers.","inLanguage":"nl-NL","potentialAction":[{"@type":"ReadAction","target":["https:\/\/franchisingbelgium.be\/nl\/franchising-in-belgie\/"]}]},{"@type":"WebSite","@id":"https:\/\/franchisingbelgium.be\/nl\/#website","url":"https:\/\/franchisingbelgium.be\/nl\/","name":"Franchising Belgium","description":"Le site o\u00f9 franchises et franchiseurs se rencontrent","potentialAction":[{"@type":"SearchAction","target":{"@type":"EntryPoint","urlTemplate":"https:\/\/franchisingbelgium.be\/nl\/?s={search_term_string}"},"query-input":{"@type":"PropertyValueSpecification","valueRequired":true,"valueName":"search_term_string"}}],"inLanguage":"nl-NL"}]}},"_links":{"self":[{"href":"https:\/\/franchisingbelgium.be\/nl\/wp-json\/wp\/v2\/pages\/39067","targetHints":{"allow":["GET"]}}],"collection":[{"href":"https:\/\/franchisingbelgium.be\/nl\/wp-json\/wp\/v2\/pages"}],"about":[{"href":"https:\/\/franchisingbelgium.be\/nl\/wp-json\/wp\/v2\/types\/page"}],"author":[{"embeddable":true,"href":"https:\/\/franchisingbelgium.be\/nl\/wp-json\/wp\/v2\/users\/5"}],"replies":[{"embeddable":true,"href":"https:\/\/franchisingbelgium.be\/nl\/wp-json\/wp\/v2\/comments?post=39067"}],"version-history":[{"count":3,"href":"https:\/\/franchisingbelgium.be\/nl\/wp-json\/wp\/v2\/pages\/39067\/revisions"}],"predecessor-version":[{"id":51636,"href":"https:\/\/franchisingbelgium.be\/nl\/wp-json\/wp\/v2\/pages\/39067\/revisions\/51636"}],"wp:attachment":[{"href":"https:\/\/franchisingbelgium.be\/nl\/wp-json\/wp\/v2\/media?parent=39067"}],"curies":[{"name":"wp","href":"https:\/\/api.w.org\/{rel}","templated":true}]}}