{"id":49668,"date":"2022-07-20T14:54:21","date_gmt":"2022-07-20T12:54:21","guid":{"rendered":"https:\/\/franchisingbelgium.be\/accueil-2\/"},"modified":"2025-08-19T10:57:30","modified_gmt":"2025-08-19T08:57:30","slug":"home-nieuw","status":"publish","type":"page","link":"https:\/\/franchisingbelgium.be\/nl\/","title":{"rendered":"Home &#8211; nieuw"},"content":{"rendered":"<p>&nbsp;<\/p>\n<div id=\"ConnectiveDocSignExtentionInstalled\" data-extension-version=\"1.0.4\"><\/div>\n","protected":false},"excerpt":{"rendered":"<p>&nbsp;<\/p>\n","protected":false},"author":13,"featured_media":0,"parent":0,"menu_order":0,"comment_status":"closed","ping_status":"closed","template":"home.blade.php","meta":{"_acf_changed":false,"inline_featured_image":false,"footnotes":""},"class_list":["post-49668","page","type-page","status-publish","hentry"],"acf":[],"yoast_head":"<!-- This site is optimized with the Yoast SEO plugin v27.1.1 - https:\/\/yoast.com\/product\/yoast-seo-wordpress\/ -->\n<title>Franchising Belgium - Le site o\u00f9 franchis\u00e9s et franchiseurs se rencontrent<\/title>\n<meta name=\"description\" content=\"Le site o\u00f9 franchis\u00e9s et franchiseurs se rencontrent. Les enseignes qui recrutent et toute l&#039;actualit\u00e9 de la franchise en Belgique. Visitez notre site web.\" \/>\n<meta name=\"robots\" content=\"index, follow, max-snippet:-1, max-image-preview:large, max-video-preview:-1\" \/>\n<link rel=\"canonical\" href=\"https:\/\/franchisingbelgium.be\/nl\/\" \/>\n<meta property=\"og:locale\" content=\"nl_NL\" \/>\n<meta property=\"og:type\" content=\"article\" \/>\n<meta property=\"og:title\" content=\"Le site o\u00f9 franchis\u00e9s et franchiseurs se rencontrent - Franchising Belgium\" \/>\n<meta property=\"og:description\" content=\"Le site o\u00f9 franchis\u00e9s et franchiseurs se rencontrent. Les enseignes qui recrutent et toute l&#039;actualit\u00e9 de la franchise en Belgique.\" \/>\n<meta property=\"og:url\" content=\"https:\/\/franchisingbelgium.be\/nl\/\" \/>\n<meta property=\"og:site_name\" content=\"Franchising Belgium\" \/>\n<meta property=\"article:modified_time\" content=\"2025-08-19T08:57:30+00:00\" \/>\n<meta property=\"og:image\" content=\"https:\/\/franchisingbelgium.be\/wp-content\/uploads\/2022\/01\/smartmockups_kyy7n4o3.jpg\" \/>\n\t<meta property=\"og:image:width\" content=\"1631\" \/>\n\t<meta property=\"og:image:height\" content=\"919\" \/>\n\t<meta property=\"og:image:type\" content=\"image\/jpeg\" \/>\n<meta name=\"twitter:card\" content=\"summary_large_image\" \/>\n<meta name=\"twitter:title\" content=\"Le site o\u00f9 franchis\u00e9s et franchiseurs se rencontrent - Franchising Belgium\" \/>\n<meta name=\"twitter:description\" content=\"Le site o\u00f9 franchis\u00e9s et franchiseurs se rencontrent. Les enseignes qui recrutent et toute l&#039;actualit\u00e9 de la franchise en Belgique.\" \/>\n<meta name=\"twitter:image\" content=\"https:\/\/franchisingbelgium.be\/wp-content\/uploads\/2022\/01\/smartmockups_kyy7n4o3.jpg\" \/>\n<meta name=\"twitter:label1\" content=\"Est. reading time\" \/>\n\t<meta name=\"twitter:data1\" content=\"2 minutes\" \/>\n<script type=\"application\/ld+json\" class=\"yoast-schema-graph\">{\"@context\":\"https:\/\/schema.org\",\"@graph\":[{\"@type\":\"WebPage\",\"@id\":\"https:\/\/franchisingbelgium.be\/nl\/\",\"url\":\"https:\/\/franchisingbelgium.be\/nl\/\",\"name\":\"Franchising Belgium - Le site o\u00f9 franchis\u00e9s et franchiseurs se rencontrent\",\"isPartOf\":{\"@id\":\"https:\/\/franchisingbelgium.be\/nl\/#website\"},\"datePublished\":\"2022-07-20T12:54:21+00:00\",\"dateModified\":\"2025-08-19T08:57:30+00:00\",\"description\":\"Le site o\u00f9 franchis\u00e9s et franchiseurs se rencontrent. Les enseignes qui recrutent et toute l'actualit\u00e9 de la franchise en Belgique. Visitez notre site web.\",\"inLanguage\":\"nl-NL\",\"potentialAction\":[{\"@type\":\"ReadAction\",\"target\":[\"https:\/\/franchisingbelgium.be\/nl\/\"]}]},{\"@type\":\"WebSite\",\"@id\":\"https:\/\/franchisingbelgium.be\/nl\/#website\",\"url\":\"https:\/\/franchisingbelgium.be\/nl\/\",\"name\":\"Franchising Belgium\",\"description\":\"Le site o\u00f9 franchises et franchiseurs se rencontrent\",\"potentialAction\":[{\"@type\":\"SearchAction\",\"target\":{\"@type\":\"EntryPoint\",\"urlTemplate\":\"https:\/\/franchisingbelgium.be\/nl\/?s={search_term_string}\"},\"query-input\":{\"@type\":\"PropertyValueSpecification\",\"valueRequired\":true,\"valueName\":\"search_term_string\"}}],\"inLanguage\":\"nl-NL\"}]}<\/script>\n<!-- \/ Yoast SEO plugin. -->","yoast_head_json":{"title":"Franchising Belgium - Le site o\u00f9 franchis\u00e9s et franchiseurs se rencontrent","description":"Le site o\u00f9 franchis\u00e9s et franchiseurs se rencontrent. Les enseignes qui recrutent et toute l'actualit\u00e9 de la franchise en Belgique. Visitez notre site web.","robots":{"index":"index","follow":"follow","max-snippet":"max-snippet:-1","max-image-preview":"max-image-preview:large","max-video-preview":"max-video-preview:-1"},"canonical":"https:\/\/franchisingbelgium.be\/nl\/","og_locale":"nl_NL","og_type":"article","og_title":"Le site o\u00f9 franchis\u00e9s et franchiseurs se rencontrent - Franchising Belgium","og_description":"Le site o\u00f9 franchis\u00e9s et franchiseurs se rencontrent. Les enseignes qui recrutent et toute l'actualit\u00e9 de la franchise en Belgique.","og_url":"https:\/\/franchisingbelgium.be\/nl\/","og_site_name":"Franchising Belgium","article_modified_time":"2025-08-19T08:57:30+00:00","og_image":[{"width":1631,"height":919,"url":"https:\/\/franchisingbelgium.be\/wp-content\/uploads\/2022\/01\/smartmockups_kyy7n4o3.jpg","type":"image\/jpeg"}],"twitter_card":"summary_large_image","twitter_title":"Le site o\u00f9 franchis\u00e9s et franchiseurs se rencontrent - Franchising Belgium","twitter_description":"Le site o\u00f9 franchis\u00e9s et franchiseurs se rencontrent. Les enseignes qui recrutent et toute l'actualit\u00e9 de la franchise en Belgique.","twitter_image":"https:\/\/franchisingbelgium.be\/wp-content\/uploads\/2022\/01\/smartmockups_kyy7n4o3.jpg","twitter_misc":{"Est. reading time":"2 minutes"},"schema":{"@context":"https:\/\/schema.org","@graph":[{"@type":"WebPage","@id":"https:\/\/franchisingbelgium.be\/nl\/","url":"https:\/\/franchisingbelgium.be\/nl\/","name":"Franchising Belgium - Le site o\u00f9 franchis\u00e9s et franchiseurs se rencontrent","isPartOf":{"@id":"https:\/\/franchisingbelgium.be\/nl\/#website"},"datePublished":"2022-07-20T12:54:21+00:00","dateModified":"2025-08-19T08:57:30+00:00","description":"Le site o\u00f9 franchis\u00e9s et franchiseurs se rencontrent. Les enseignes qui recrutent et toute l'actualit\u00e9 de la franchise en Belgique. Visitez notre site web.","inLanguage":"nl-NL","potentialAction":[{"@type":"ReadAction","target":["https:\/\/franchisingbelgium.be\/nl\/"]}]},{"@type":"WebSite","@id":"https:\/\/franchisingbelgium.be\/nl\/#website","url":"https:\/\/franchisingbelgium.be\/nl\/","name":"Franchising Belgium","description":"Le site o\u00f9 franchises et franchiseurs se rencontrent","potentialAction":[{"@type":"SearchAction","target":{"@type":"EntryPoint","urlTemplate":"https:\/\/franchisingbelgium.be\/nl\/?s={search_term_string}"},"query-input":{"@type":"PropertyValueSpecification","valueRequired":true,"valueName":"search_term_string"}}],"inLanguage":"nl-NL"}]}},"_links":{"self":[{"href":"https:\/\/franchisingbelgium.be\/nl\/wp-json\/wp\/v2\/pages\/49668","targetHints":{"allow":["GET"]}}],"collection":[{"href":"https:\/\/franchisingbelgium.be\/nl\/wp-json\/wp\/v2\/pages"}],"about":[{"href":"https:\/\/franchisingbelgium.be\/nl\/wp-json\/wp\/v2\/types\/page"}],"author":[{"embeddable":true,"href":"https:\/\/franchisingbelgium.be\/nl\/wp-json\/wp\/v2\/users\/13"}],"replies":[{"embeddable":true,"href":"https:\/\/franchisingbelgium.be\/nl\/wp-json\/wp\/v2\/comments?post=49668"}],"version-history":[{"count":14,"href":"https:\/\/franchisingbelgium.be\/nl\/wp-json\/wp\/v2\/pages\/49668\/revisions"}],"predecessor-version":[{"id":56272,"href":"https:\/\/franchisingbelgium.be\/nl\/wp-json\/wp\/v2\/pages\/49668\/revisions\/56272"}],"wp:attachment":[{"href":"https:\/\/franchisingbelgium.be\/nl\/wp-json\/wp\/v2\/media?parent=49668"}],"curies":[{"name":"wp","href":"https:\/\/api.w.org\/{rel}","templated":true}]}}